{"id":21,"date":"2014-10-26T14:58:06","date_gmt":"2014-10-26T12:58:06","guid":{"rendered":"http:\/\/marco-depinto.de\/?page_id=21"},"modified":"2026-01-22T17:23:56","modified_gmt":"2026-01-22T15:23:56","slug":"lehre","status":"publish","type":"page","link":"http:\/\/marco-depinto.de\/?page_id=21","title":{"rendered":"Lehre"},"content":{"rendered":"\n<p>Die Vermittlung von Wissen tr\u00e4gt in hohem Ma\u00dfe zur Humankapitalbildung bei und ist insofern von hoher gesellschaftlicher Relevanz. In meiner Rolle als Lehrender ist es daher meine Aufgabe, mein fachliches Wissen und meine methodischen Kompetenzen an nachfolgende Generationen weiterzugeben.<\/p>\n\n\n\n<p>Ich verfolge zwei Konzepte zur Wissensvermittlung, die sich nach dem Wissenstand der Studierenden richten. In Grundlagenveranstaltungen, wie z. B. Makro\u00f6konomik, ist mein vorrangiges Ziel, Studierende f\u00fcr volkswirtschaftliche Inhalte zu begeistern. Inhaltlich ist es meine Aufgabe, den Studierenden die grundlegenden Modelle und Methoden zu vermitteln, also z.B. das (neo-)klassische und das keynesianische Modell in der Makro\u00f6konomik.<a> <\/a>Bei weiterf\u00fchrenden Veranstaltungen (Bachelor und Master), z.B. Regional\u00f6konomik, gehe ich in der Regel in vier Schritten vor: 1) Schilderung des zugrundeliegenden Problems, 2) Darstellung der \u00f6konomischen Mechanismen durch eine theoretische Analyse, 3) Darstellung der existierenden empirischen Evidenz und 4) Diskussion und kritische Reflexion. Neben der Wissensvermittlung zielt dieser Ansatz darauf ab, Studierende zum analytischen und kritischen Denken zu motivieren.<\/p>\n\n\n\n<p><a>Mit Ausnahme von Gro\u00dfveranstaltungen (100+) biete ich eine interaktive Lehre an. Die fachlichen Inhalte werden zwar von mir pr\u00e4sentiert, daran ankn\u00fcpfend aber mit den Studierenden diskutiert. <\/a>Zudem setze ich bei meinen Veranstaltungen vielfach digitale Medien wie z.B. Lehrvideos, Foren, Online-Fragerunden und Feedbacktools ein. <\/p>\n\n\n\n<p><\/p>\n","protected":false},"excerpt":{"rendered":"<p>Die Vermittlung von Wissen tr\u00e4gt in hohem Ma\u00dfe zur Humankapitalbildung bei und ist insofern von hoher gesellschaftlicher Relevanz. In meiner Rolle als Lehrender ist es daher meine Aufgabe, mein fachliches Wissen und meine methodischen Kompetenzen an nachfolgende Generationen weiterzugeben. Ich verfolge zwei Konzepte zur Wissensvermittlung, die sich nach dem Wissenstand der Studierenden richten. In Grundlagenveranstaltungen, wie z. B. Makro\u00f6konomik, ist<\/p>\n","protected":false},"author":1,"featured_media":0,"parent":0,"menu_order":3,"comment_status":"closed","ping_status":"open","template":"","meta":{"footnotes":""},"class_list":["post-21","page","type-page","status-publish","hentry"],"_links":{"self":[{"href":"http:\/\/marco-depinto.de\/index.php?rest_route=\/wp\/v2\/pages\/21","targetHints":{"allow":["GET"]}}],"collection":[{"href":"http:\/\/marco-depinto.de\/index.php?rest_route=\/wp\/v2\/pages"}],"about":[{"href":"http:\/\/marco-depinto.de\/index.php?rest_route=\/wp\/v2\/types\/page"}],"author":[{"embeddable":true,"href":"http:\/\/marco-depinto.de\/index.php?rest_route=\/wp\/v2\/users\/1"}],"replies":[{"embeddable":true,"href":"http:\/\/marco-depinto.de\/index.php?rest_route=%2Fwp%2Fv2%2Fcomments&post=21"}],"version-history":[{"count":13,"href":"http:\/\/marco-depinto.de\/index.php?rest_route=\/wp\/v2\/pages\/21\/revisions"}],"predecessor-version":[{"id":921,"href":"http:\/\/marco-depinto.de\/index.php?rest_route=\/wp\/v2\/pages\/21\/revisions\/921"}],"wp:attachment":[{"href":"http:\/\/marco-depinto.de\/index.php?rest_route=%2Fwp%2Fv2%2Fmedia&parent=21"}],"curies":[{"name":"wp","href":"https:\/\/api.w.org\/{rel}","templated":true}]}}