{"id":25,"date":"2014-10-26T15:02:59","date_gmt":"2014-10-26T13:02:59","guid":{"rendered":"http:\/\/marco-depinto.de\/?page_id=25"},"modified":"2023-03-13T15:06:37","modified_gmt":"2023-03-13T13:06:37","slug":"blog","status":"publish","type":"page","link":"http:\/\/marco-depinto.de\/?page_id=25","title":{"rendered":"World Wide Web"},"content":{"rendered":"<h5><strong>Wirtschaftsforschungsinstitute &amp; sonstige Organisationen<br \/>\n<\/strong><\/h5>\n<ul>\n<li><a href=\"http:\/\/www.sachverstaendigenrat-wirtschaft.de\">Sachverst\u00e4ndigenrat zur Begutachtung der gesamtwirtschaftlichen Entwicklung (SVR)<\/a><\/li>\n<li><a href=\"http:\/\/roepke-institut.org\/index.html\">Wilhlem-R\u00f6pke-Institut<\/a><\/li>\n<li><a href=\"https:\/\/www.ifo.de\/\">Ifo Institut f\u00fcr Wirtschaftsforschung<\/a><\/li>\n<li><a href=\"https:\/\/www.ifw-kiel.de\/de\/\">Institut f\u00fcr Weltwirtschaft<\/a><\/li>\n<li><a href=\"https:\/\/www.diw.de\/deutsch\">Deutsches Institut f\u00fcr Wirtschaftsforschung DIW<\/a><\/li>\n<li><a href=\"https:\/\/www.rwi-essen.de\/\">Rheinisch-Westf\u00e4lisches Institut f\u00fcr Wirtschaftsforschung RWI<\/a><\/li>\n<li><a href=\"https:\/\/www.zew.de\/\">Zentrum f\u00fcr Europ\u00e4ische Wirtschaftsforschung ZEW<\/a><\/li>\n<li><a href=\"https:\/\/www.hwwi.org\/home.html\">Hamburgisches WeltWirtschaftsinstitut HWWI<\/a><\/li>\n<li><a href=\"https:\/\/www.iwh-halle.de\/\">Leibnitz-Institut f\u00fcr Wirtschaftsforschung Halle IWH<\/a><\/li>\n<li><a href=\"https:\/\/www.arbeitsagentur.de\/privatpersonen\">Bundesagentur f\u00fcr Arbeit BA<\/a><\/li>\n<li><a href=\"https:\/\/www.bundesbank.de\/de\">Deutsche Bundesbank<\/a><\/li>\n<li><a href=\"https:\/\/www.destatis.de\/DE\/Home\/_inhalt.html\">Statistisches Bundesamt destatis<\/a><\/li>\n<li><a href=\"https:\/\/www.monopolkommission.de\/de\/\">Monopolkommission<\/a><\/li>\n<li><a href=\"https:\/\/www.ecb.europa.eu\/ecb\/html\/index.de.html\">Europ\u00e4ische Zentralbank EZB<\/a><\/li>\n<li><a href=\"https:\/\/www.federalreserve.gov\/\">Federal Reserve Bank FED<\/a><\/li>\n<li><a href=\"https:\/\/www.bankofengland.co.uk\/\">Bank of England<\/a><\/li>\n<li><a href=\"http:\/\/www.oecd.org\/\">Organisation for Economic Co-operation and Development OECD<\/a><\/li>\n<li><a href=\"https:\/\/www.worldbank.org\/de\/about\/leadership\/directors\/eds05\">Weltbank<\/a><\/li>\n<li><a href=\"https:\/\/www.imf.org\/external\/index.htm\">Internationaler W\u00e4hrungsfonds IWF<\/a><\/li>\n<li><a href=\"https:\/\/www.wto.org\/\">World Trade Organisation WTO<\/a><\/li>\n<li><a href=\"https:\/\/ec.europa.eu\/eurostat\/de\/home\">Eurostat<\/a><\/li>\n<li><a href=\"https:\/\/www.ilo.org\/global\/lang--en\/index.htm\">Internationale Arbeitsorganisation ILO<\/a><\/li>\n<\/ul>\n<h5><strong>Ausgew\u00e4hlte Zeitschriften<\/strong><\/h5>\n<ul>\n<li><a href=\"https:\/\/www.aeaweb.org\/journals\/jep\">Journal of Economic Perspectives (JEP)<\/a><\/li>\n<li><a href=\"https:\/\/www.aeaweb.org\/journals\/jel\">Journal of Economic Literature (JEL)<\/a><\/li>\n<li><a href=\"http:\/\/www.economist.com\/\">The Economist<\/a><\/li>\n<\/ul>\n<h5>Vereine<\/h5>\n<ul>\n<li><a href=\"https:\/\/www.socialpolitik.de\/de\">Verein f\u00fcr Socialpolitik (VfS)<\/a><\/li>\n<li><a href=\"https:\/\/www.eeassoc.org\/\">European Economic Association (EEA)<\/a><\/li>\n<li><a href=\"https:\/\/www.res.org.uk\/\">Royal Economic Society (RES)<\/a><\/li>\n<li><a href=\"https:\/\/eale.nl\/\">European Association of Labour Economists (EALE)<\/a><\/li>\n<li><a href=\"https:\/\/www.sole-jole.org\/\">Society of Labor Economists (SOLE)<\/a><\/li>\n<li><a href=\"http:\/\/www.earie.org\/r\/home\">European Association for Research in Industrial Economics (EARIE)<\/a><\/li>\n<li><a href=\"http:\/\/www.espe.org\/\">European Society for Population Economics (ESPE)<\/a><\/li>\n<li><a href=\"https:\/\/infer-research.eu\/\">International Network for Economic Research (INFER)<\/a><\/li>\n<li><a href=\"https:\/\/uni-goettingen.de\/de\/616623.html\">G\u00f6ttinger Workshop &#8222;Internationale Wirtschaftsbeziehungen&#8220;<\/a><\/li>\n<li><a href=\"https:\/\/www.etsg.org\/\">European Trade Study Group (ETSG)<\/a><\/li>\n<\/ul>\n<h5><strong>Blogs &amp; andere \u00f6konomische Seiten<br \/>\n<\/strong><\/h5>\n<ul>\n<li><a href=\"http:\/\/www.voxeu.org\/\">VOX<\/a><\/li>\n<li><a href=\"http:\/\/www.oekonomenstimme.org\/\">\u00d6konomenstimme<\/a><\/li>\n<li><a href=\"http:\/\/wirtschaftlichefreiheit.de\/wordpress\/\">Wirtschaftliche Freiheit<\/a><\/li>\n<li><a href=\"https:\/\/makronom.de\/\">Makronom<\/a><\/li>\n<li><a href=\"https:\/\/www.finanzfontaene.koop-oefw.de\/index.htm#\/1\">Finanzfont\u00e4ne<\/a><\/li>\n<li><a href=\"https:\/\/www.econpol.eu\/\">EconPol Europe<\/a><\/li>\n<\/ul>\n<h5>Podcasts &amp; YouTube Channels<\/h5>\n<ul>\n<li><a href=\"https:\/\/www.youtube.com\/channel\/UCYyN50D28o43uFWfpoAjhHw\">Forum NewEconomy<\/a><\/li>\n<li><a href=\"https:\/\/www.youtube.com\/c\/VOXViewsCEPR\">CEPR &amp; VideoVox Economics<\/a><\/li>\n<\/ul>\n<h5><strong>International Trade<\/strong><\/h5>\n<ul>\n<li><a href=\"http:\/\/www.uni-goettingen.de\/de\/who-we-are\/425642.html\">TROUP &#8211; Trade Discussion Group<\/a><\/li>\n<li><a href=\"http:\/\/globe.cid.harvard.edu\/?mode=gridmap&amp;id=null\">The global economy &#8211; an animated tour<\/a><\/li>\n<\/ul>\n<h5><strong>Labour Economics<br \/>\n<\/strong><\/h5>\n<ul>\n<li><a href=\"http:\/\/wol.iza.org\/\">IZA World of Labor<\/a><\/li>\n<li><a href=\"http:\/\/www.iab.de\/\">Institut f\u00fcr Arbeitsmarkt- und Berufsforschung IAB<\/a><\/li>\n<li><a href=\"https:\/\/www.iaaeu.de\/index.php?lang=de\">Institut f\u00fcr Arbeitsrecht und Arbeitsbeziehungen in der Europ\u00e4ischen Union (IAAEU)<\/a><\/li>\n<li><a href=\"https:\/\/www.elmi-network.eu\/#\">Network of European Labour Market Research Institutes (ELMI)<\/a><\/li>\n<\/ul>\n<h5>Literaturrecherche<\/h5>\n<ul>\n<li><a href=\"https:\/\/www.econbiz.de\/\">Econbiz<\/a><\/li>\n<li><a href=\"https:\/\/scholar.google.com\/\">Google Scholar<\/a><\/li>\n<li><a href=\"https:\/\/www.subito-doc.de\/\">Subito<\/a><\/li>\n<li><a href=\"http:\/\/repec.org\/\">RePEc<\/a><\/li>\n<\/ul>\n<h5><strong>Mit einem Augenzwinkern<\/strong><\/h5>\n<ul>\n<li><a href=\"http:\/\/www.tylervigen.com\/\">Spurious correlations<\/a><\/li>\n<li><a href=\"http:\/\/datacolada.org\/\">Data Colada<\/a><\/li>\n<\/ul>\n<h5><strong>Stellenb\u00f6rsen<\/strong><\/h5>\n<ul>\n<li><a href=\"https:\/\/inomics.com\/\">Inomics<\/a><\/li>\n<li><a href=\"http:\/\/jobs.zeit.de\/\">Der ZEIT Stellenmarkt<\/a><\/li>\n<li><a href=\"https:\/\/www.jobb\u00f6rse-stellenangebote.de\/\">Jobb\u00f6rse.de<\/a><\/li>\n<\/ul>\n","protected":false},"excerpt":{"rendered":"<p>Wirtschaftsforschungsinstitute &amp; sonstige Organisationen Sachverst\u00e4ndigenrat zur Begutachtung der gesamtwirtschaftlichen Entwicklung (SVR) Wilhlem-R\u00f6pke-Institut Ifo Institut f\u00fcr Wirtschaftsforschung Institut f\u00fcr Weltwirtschaft Deutsches Institut f\u00fcr Wirtschaftsforschung DIW Rheinisch-Westf\u00e4lisches Institut f\u00fcr Wirtschaftsforschung RWI Zentrum f\u00fcr Europ\u00e4ische Wirtschaftsforschung ZEW Hamburgisches WeltWirtschaftsinstitut HWWI Leibnitz-Institut f\u00fcr Wirtschaftsforschung Halle IWH Bundesagentur f\u00fcr Arbeit BA Deutsche Bundesbank Statistisches Bundesamt destatis Monopolkommission Europ\u00e4ische Zentralbank EZB Federal Reserve Bank FED Bank<\/p>\n","protected":false},"author":1,"featured_media":0,"parent":0,"menu_order":4,"comment_status":"closed","ping_status":"open","template":"","meta":{"footnotes":""},"class_list":["post-25","page","type-page","status-publish","hentry"],"_links":{"self":[{"href":"http:\/\/marco-depinto.de\/index.php?rest_route=\/wp\/v2\/pages\/25","targetHints":{"allow":["GET"]}}],"collection":[{"href":"http:\/\/marco-depinto.de\/index.php?rest_route=\/wp\/v2\/pages"}],"about":[{"href":"http:\/\/marco-depinto.de\/index.php?rest_route=\/wp\/v2\/types\/page"}],"author":[{"embeddable":true,"href":"http:\/\/marco-depinto.de\/index.php?rest_route=\/wp\/v2\/users\/1"}],"replies":[{"embeddable":true,"href":"http:\/\/marco-depinto.de\/index.php?rest_route=%2Fwp%2Fv2%2Fcomments&post=25"}],"version-history":[{"count":32,"href":"http:\/\/marco-depinto.de\/index.php?rest_route=\/wp\/v2\/pages\/25\/revisions"}],"predecessor-version":[{"id":733,"href":"http:\/\/marco-depinto.de\/index.php?rest_route=\/wp\/v2\/pages\/25\/revisions\/733"}],"wp:attachment":[{"href":"http:\/\/marco-depinto.de\/index.php?rest_route=%2Fwp%2Fv2%2Fmedia&parent=25"}],"curies":[{"name":"wp","href":"https:\/\/api.w.org\/{rel}","templated":true}]}}